{"id":351,"date":"2023-06-16T04:14:47","date_gmt":"2023-06-16T04:14:47","guid":{"rendered":"https:\/\/patiotime.loftocean.com\/demo11\/?page_id=351"},"modified":"2023-08-27T08:02:29","modified_gmt":"2023-08-27T08:02:29","slug":"desserts","status":"publish","type":"page","link":"https:\/\/patiotime.loftocean.com\/demo11\/desserts\/","title":{"rendered":"Desserts Menu"},"content":{"rendered":"\t\t<div data-elementor-type=\"wp-page\" data-elementor-id=\"351\" class=\"elementor elementor-351\">\n\t\t\t\t\t\t<section class=\"elementor-section elementor-top-section elementor-element elementor-element-370c88a elementor-section-height-min-height pt-section-content-fullwidth pt_scroll_y_120 pt-parallax-on-scroll elementor-section-boxed elementor-section-height-default elementor-section-items-middle\" data-id=\"370c88a\" data-element_type=\"section\" data-e-type=\"section\" data-settings=\"{&quot;background_background&quot;:&quot;classic&quot;}\" data-pt-parallax-y=\"120\" style=\"background-image: none;\" data-pt-background-image=\"https:\/\/patiotime.loftocean.com\/demo11\/wp-content\/uploads\/sites\/11\/2023\/06\/eiliv-sonas-aceron-miXdv_-A0n0-unsplash.jpg\">\n\t\t\t\t\t\t\t<div class=\"elementor-background-overlay\"><\/div>\n\t\t\t\t\t\t\t<div class=\"elementor-container elementor-column-gap-no\">\n\t\t\t\t\t<div class=\"elementor-column elementor-col-100 elementor-top-column elementor-element elementor-element-9cde7db dark-color\" data-id=\"9cde7db\" data-element_type=\"column\" data-e-type=\"column\">\n\t\t\t<div class=\"elementor-widget-wrap elementor-element-populated\">\n\t\t\t\t\t\t<div class=\"elementor-element elementor-element-04c06d2 elementor-widget elementor-widget-pt_title\" data-id=\"04c06d2\" data-element_type=\"widget\" data-e-type=\"widget\" data-widget_type=\"pt_title.default\">\n\t\t\t\t<div class=\"elementor-widget-container\">\n\t\t\t\t\t\n        <div class=\"pt-title-wrap text-center\">\t            <h1 class=\"pt-title\">\n\t                Desserts\t            <\/h1>        <\/div>\t\t\t\t<\/div>\n\t\t\t\t<\/div>\n\t\t\t\t\t<\/div>\n\t\t<\/div>\n\t\t\t\t\t<\/div>\n\t\t<\/section>\n\t\t\t\t<section class=\"elementor-section elementor-top-section elementor-element elementor-element-6eacab7 elementor-section-boxed elementor-section-height-default elementor-section-height-default\" data-id=\"6eacab7\" data-element_type=\"section\" data-e-type=\"section\">\n\t\t\t\t\t\t<div class=\"elementor-container elementor-column-gap-default\">\n\t\t\t\t\t<div class=\"elementor-column elementor-col-100 elementor-top-column elementor-element elementor-element-1e6669e\" data-id=\"1e6669e\" data-element_type=\"column\" data-e-type=\"column\">\n\t\t\t<div class=\"elementor-widget-wrap elementor-element-populated\">\n\t\t\t\t\t\t<div class=\"elementor-element elementor-element-448dd7c elementor-widget elementor-widget-pt_menu\" data-id=\"448dd7c\" data-element_type=\"widget\" data-e-type=\"widget\" data-widget_type=\"pt_menu.default\">\n\t\t\t\t<div class=\"elementor-widget-container\">\n\t\t\t\t\t<nav class=\"pt-menu main-navigation not-mobile-menu dropdown-dark text-center\"><ul id=\"menu-448dd7c\" class=\"menu primary-menu\"><li id=\"menu-item-357\" class=\"menu-item menu-item-type-post_type menu-item-object-page menu-item-357\"><a href=\"https:\/\/patiotime.loftocean.com\/demo11\/tea-drinks-menu\/\"><span>Tea &#038; Drinks<\/span><\/a><\/li>\n<li id=\"menu-item-355\" class=\"menu-item menu-item-type-post_type menu-item-object-page menu-item-355\"><a href=\"https:\/\/patiotime.loftocean.com\/demo11\/afternoon-tea-menu\/\"><span>Afternoon Tea<\/span><\/a><\/li>\n<li id=\"menu-item-396\" class=\"menu-item menu-item-type-post_type menu-item-object-page menu-item-396\"><a href=\"https:\/\/patiotime.loftocean.com\/demo11\/special-drinks-menu\/\"><span>Special Drinks<\/span><\/a><\/li>\n<li id=\"menu-item-356\" class=\"menu-item menu-item-type-post_type menu-item-object-page menu-item-356\"><a href=\"https:\/\/patiotime.loftocean.com\/demo11\/desserts\/\"><span>Desserts<\/span><\/a><\/li>\n<li id=\"menu-item-399\" class=\"menu-item menu-item-type-post_type menu-item-object-page menu-item-399\"><a href=\"https:\/\/patiotime.loftocean.com\/demo11\/breakfast-brunch-menu\/\"><span>Breakfast &#038; Brunch<\/span><\/a><\/li>\n<\/ul><\/nav>\t\t\t\t<\/div>\n\t\t\t\t<\/div>\n\t\t\t\t\t<\/div>\n\t\t<\/div>\n\t\t\t\t\t<\/div>\n\t\t<\/section>\n\t\t\t\t<section class=\"elementor-section elementor-top-section elementor-element elementor-element-ee340e5 elementor-section-boxed elementor-section-height-default elementor-section-height-default\" data-id=\"ee340e5\" data-element_type=\"section\" data-e-type=\"section\">\n\t\t\t\t\t\t<div class=\"elementor-container elementor-column-gap-no\">\n\t\t\t\t\t<div class=\"elementor-column elementor-col-33 elementor-top-column elementor-element elementor-element-a327e6e\" data-id=\"a327e6e\" data-element_type=\"column\" data-e-type=\"column\">\n\t\t\t<div class=\"elementor-widget-wrap elementor-element-populated\">\n\t\t\t\t\t\t<div class=\"elementor-element elementor-element-e5981d0 elementor-widget elementor-widget-pt_food_menu\" data-id=\"e5981d0\" data-element_type=\"widget\" data-e-type=\"widget\" data-widget_type=\"pt_food_menu.default\">\n\t\t\t\t<div class=\"elementor-widget-container\">\n\t\t\t\t\t            <div class=\"pt-food-menu food-menu-style-1\">                <div class=\"pt-food-menu-item\">                    <div class=\"pt-food-menu-main\">\n                        <div class=\"pt-food-menu-header\">                            <h6 class=\"pt-food-menu-title\">                                <span class=\"title-wrap\">Cheese Cake\t\t\t\t\t\t\t\t<\/span>                            <\/h6>\n                            <div class=\"pt-food-menu-lines\"><\/div><span class=\"pt-food-menu-price\">$26<\/span>                        <\/div>                            <p class=\"pt-food-menu-details\">Blueberry, Raisin, or Ham & Cheese Scones<\/p>                    <\/div>\n                <\/div>                <div class=\"pt-food-menu-item\">                    <div class=\"pt-food-menu-main\">\n                        <div class=\"pt-food-menu-header\">                            <h6 class=\"pt-food-menu-title\">                                <span class=\"title-wrap\">Tiramisu\t\t\t\t\t\t\t\t<\/span>                            <\/h6>\n                            <div class=\"pt-food-menu-lines\"><\/div><span class=\"pt-food-menu-price\">$25<\/span>                        <\/div>                            <p class=\"pt-food-menu-details\">Espresso, Rum,Cheese, Cream<\/p>                    <\/div>\n                <\/div>                <div class=\"pt-food-menu-item\">                    <div class=\"pt-food-menu-main\">\n                        <div class=\"pt-food-menu-header\">                            <h6 class=\"pt-food-menu-title\">                                <span class=\"title-wrap\">Butter Cake\t\t\t\t\t\t\t\t\t<\/span>                            <\/h6>\n                            <div class=\"pt-food-menu-lines\"><\/div><span class=\"pt-food-menu-price\">$16<\/span>                        <\/div>                            <p class=\"pt-food-menu-details\">Ricotta, goat cheese, beetroot and datterini<\/p>                    <\/div>\n                <\/div>                <div class=\"pt-food-menu-item\">                    <div class=\"pt-food-menu-main\">\n                        <div class=\"pt-food-menu-header\">                            <h6 class=\"pt-food-menu-title\">                                <span class=\"title-wrap\">Fruit Toast\t\t\t\t\t\t\t\t<\/span>                            <\/h6>\n                            <div class=\"pt-food-menu-lines\"><\/div><span class=\"pt-food-menu-price\">$18<\/span>                        <\/div>                            <p class=\"pt-food-menu-details\">Served plain or with a fried egg on top<\/p>                    <\/div>\n                <\/div>                <div class=\"pt-food-menu-item\">                    <div class=\"pt-food-menu-main\">\n                        <div class=\"pt-food-menu-header\">                            <h6 class=\"pt-food-menu-title\">                                <span class=\"title-wrap\">Apple Strudel\t\t\t\t\t\t\t\t\t<\/span>                            <\/h6>\n                            <div class=\"pt-food-menu-lines\"><\/div><span class=\"pt-food-menu-price\">$26<\/span>                        <\/div>                            <p class=\"pt-food-menu-details\">With Rosemary Salt<\/p>                    <\/div>\n                <\/div>                <div class=\"pt-food-menu-item\">                    <div class=\"pt-food-menu-main\">\n                        <div class=\"pt-food-menu-header\">                            <h6 class=\"pt-food-menu-title\">                                <span class=\"title-wrap\">Classic Cr\u00eapes\t\t\t\t\t\t\t\t<\/span>                            <\/h6>\n                            <div class=\"pt-food-menu-lines\"><\/div><span class=\"pt-food-menu-price\">$18<\/span>                        <\/div>                            <p class=\"pt-food-menu-details\">Served with vanilla ice cream<\/p>                    <\/div>\n                <\/div>            <\/div>\t\t\t\t<\/div>\n\t\t\t\t<\/div>\n\t\t\t\t\t<\/div>\n\t\t<\/div>\n\t\t\t\t<div class=\"elementor-column elementor-col-33 elementor-top-column elementor-element elementor-element-7b9497a\" data-id=\"7b9497a\" data-element_type=\"column\" data-e-type=\"column\" data-settings=\"{&quot;background_background&quot;:&quot;slideshow&quot;,&quot;background_slideshow_gallery&quot;:[{&quot;id&quot;:59,&quot;url&quot;:&quot;https:\\\/\\\/patiotime.loftocean.com\\\/demo11\\\/wp-content\\\/uploads\\\/sites\\\/11\\\/2023\\\/06\\\/afternoontea-img01.jpg&quot;},{&quot;id&quot;:458,&quot;url&quot;:&quot;https:\\\/\\\/patiotime.loftocean.com\\\/demo11\\\/wp-content\\\/uploads\\\/sites\\\/11\\\/2023\\\/06\\\/anastasiia-rozumna-IF1t-95bU-o-unsplash-2.jpg&quot;},{&quot;id&quot;:442,&quot;url&quot;:&quot;https:\\\/\\\/patiotime.loftocean.com\\\/demo11\\\/wp-content\\\/uploads\\\/sites\\\/11\\\/2023\\\/06\\\/angela-lo-O-hiJTQDa0I-unsplash.jpg&quot;},{&quot;id&quot;:54,&quot;url&quot;:&quot;https:\\\/\\\/patiotime.loftocean.com\\\/demo11\\\/wp-content\\\/uploads\\\/sites\\\/11\\\/2023\\\/06\\\/svitlana-5v9zi92etIY-unsplash.jpg&quot;}],&quot;background_slideshow_slide_transition&quot;:&quot;slide_left&quot;,&quot;background_slideshow_ken_burns&quot;:&quot;yes&quot;,&quot;background_slideshow_loop&quot;:&quot;yes&quot;,&quot;background_slideshow_slide_duration&quot;:5000,&quot;background_slideshow_transition_duration&quot;:500,&quot;background_slideshow_ken_burns_zoom_direction&quot;:&quot;in&quot;}\">\n\t\t\t<div class=\"elementor-widget-wrap elementor-element-populated\">\n\t\t\t\t\t\t<div class=\"elementor-element elementor-element-ae58cee elementor-widget elementor-widget-spacer\" data-id=\"ae58cee\" data-element_type=\"widget\" data-e-type=\"widget\" data-widget_type=\"spacer.default\">\n\t\t\t\t<div class=\"elementor-widget-container\">\n\t\t\t\t\t\t\t<div class=\"elementor-spacer\">\n\t\t\t<div class=\"elementor-spacer-inner\"><\/div>\n\t\t<\/div>\n\t\t\t\t\t\t<\/div>\n\t\t\t\t<\/div>\n\t\t\t\t\t<\/div>\n\t\t<\/div>\n\t\t\t\t<div class=\"elementor-column elementor-col-33 elementor-top-column elementor-element elementor-element-313e7da\" data-id=\"313e7da\" data-element_type=\"column\" data-e-type=\"column\">\n\t\t\t<div class=\"elementor-widget-wrap elementor-element-populated\">\n\t\t\t\t\t\t<div class=\"elementor-element elementor-element-bb6e018 elementor-widget elementor-widget-pt_food_menu\" data-id=\"bb6e018\" data-element_type=\"widget\" data-e-type=\"widget\" data-widget_type=\"pt_food_menu.default\">\n\t\t\t\t<div class=\"elementor-widget-container\">\n\t\t\t\t\t            <div class=\"pt-food-menu food-menu-style-1\">                <div class=\"pt-food-menu-item\">                    <div class=\"pt-food-menu-main\">\n                        <div class=\"pt-food-menu-header\">                            <h6 class=\"pt-food-menu-title\">                                <span class=\"title-wrap\">Mousse Cake\t\t\t\t\t\t\t\t\t<\/span>                            <\/h6>\n                            <div class=\"pt-food-menu-lines\"><\/div><span class=\"pt-food-menu-price\">$32<\/span>                        <\/div>                            <p class=\"pt-food-menu-details\">Served with Whipped Cream<\/p>                    <\/div>\n                <\/div>                <div class=\"pt-food-menu-item\">                    <div class=\"pt-food-menu-main\">\n                        <div class=\"pt-food-menu-header\">                            <h6 class=\"pt-food-menu-title\">                                <span class=\"title-wrap\">Green Tea Cr\u00e8me\t\t\t\t\t\t\t\t<\/span>                            <\/h6>\n                            <div class=\"pt-food-menu-lines\"><\/div><span class=\"pt-food-menu-price\">$22<\/span>                        <\/div>                            <p class=\"pt-food-menu-details\">With Strawberry Ice Cream<\/p>                    <\/div>\n                <\/div>                <div class=\"pt-food-menu-item\">                    <div class=\"pt-food-menu-main\">\n                        <div class=\"pt-food-menu-header\">                            <h6 class=\"pt-food-menu-title\">                                <span class=\"title-wrap\">Cheese Cake\t\t\t\t\t\t\t\t<\/span>                            <\/h6>\n                            <div class=\"pt-food-menu-lines\"><\/div><span class=\"pt-food-menu-price\">$26<\/span>                        <\/div>                            <p class=\"pt-food-menu-details\">Vanilla Cr\u00e8me Br\u00fbl\u00e9e<\/p>                    <\/div>\n                <\/div>                <div class=\"pt-food-menu-item\">                    <div class=\"pt-food-menu-main\">\n                        <div class=\"pt-food-menu-header\">                            <h6 class=\"pt-food-menu-title\">                                <span class=\"title-wrap\">Molten Lava Cake\t\t\t\t\t\t\t\t<\/span>                            <\/h6>\n                            <div class=\"pt-food-menu-lines\"><\/div><span class=\"pt-food-menu-price\">$21<\/span>                        <\/div>                            <p class=\"pt-food-menu-details\">Chocolate, Vanilla, Caramel, Raspberry<\/p>                    <\/div>\n                <\/div>                <div class=\"pt-food-menu-item\">                    <div class=\"pt-food-menu-main\">\n                        <div class=\"pt-food-menu-header\">                            <h6 class=\"pt-food-menu-title\">                                <span class=\"title-wrap\">Butter Cake\t\t\t\t\t\t\t\t\t<\/span>                            <\/h6>\n                            <div class=\"pt-food-menu-lines\"><\/div><span class=\"pt-food-menu-price\">$18<\/span>                        <\/div>                            <p class=\"pt-food-menu-details\">Comes with choose of one dressing and one fruit<\/p>                    <\/div>\n                <\/div>                <div class=\"pt-food-menu-item\">                    <div class=\"pt-food-menu-main\">\n                        <div class=\"pt-food-menu-header\">                            <h6 class=\"pt-food-menu-title\">                                <span class=\"title-wrap\">Apple Strudel\t\t\t\t\t\t\t\t\t<\/span>                            <\/h6>\n                            <div class=\"pt-food-menu-lines\"><\/div><span class=\"pt-food-menu-price\">$26<\/span>                        <\/div>                            <p class=\"pt-food-menu-details\">Comes with a scoop of red bean ice cream<\/p>                    <\/div>\n                <\/div>            <\/div>\t\t\t\t<\/div>\n\t\t\t\t<\/div>\n\t\t\t\t\t<\/div>\n\t\t<\/div>\n\t\t\t\t\t<\/div>\n\t\t<\/section>\n\t\t\t\t<\/div>\n\t\t","protected":false},"excerpt":{"rendered":"<p>Desserts Tea &#038; Drinks Afternoon Tea Special Drinks Desserts Breakfast &#038; Brunch Cheese Cake $26 Blueberry, Raisin, or Ham &#038; Cheese Scones Tiramisu $25 Espresso, Rum,Cheese, Cream Butter Cake $16 Ricotta, goat cheese, beetroot and datterini Fruit Toast $18 Served plain or with a fried egg on top Apple Strudel $26 With Rosemary Salt Classic &#8230;<\/p>\n","protected":false},"author":2,"featured_media":0,"parent":0,"menu_order":0,"comment_status":"closed","ping_status":"closed","template":"template-wide-content.php","meta":{"patiotime_single_page_hide_site_header":"","patiotime_single_page_site_header_source":"","patiotime_single_page_custom_site_header":"0","patiotime_single_page_custom_sticky_site_header":"0","patiotime_single_page_custom_page_title_margin_top_source":"","patiotime_single_page_custom_page_title_desktop_margin_top":"","patiotime_single_page_custom_page_title_tablet_margin_top":"","patiotime_single_page_custom_page_title_mobile_margin_top":"","patiotime_single_page_hide_page_title":"on","patiotime_single_page_header_section_size":"","patiotime_single_page_header_background_color":"","patiotime_single_page_header_background_position_x":"center","patiotime_single_page_header_background_position_y":"center","patiotime_single_page_header_background_size":"cover","patiotime_single_page_header_background_repeat":"off","patiotime_single_page_header_background_scroll":"on","patiotime_single_page_header_text_color":"","patiotime_single_page_header_show_breadcrumb":"","patiotime_single_page_site_footer_hide_main":"","patiotime_single_custom_site_footer_main_source":"","patiotime_single_custom_site_footer_main":"0","patiotime_single_page_site_footer_hide_above":"","patiotime_single_custom_site_footer_above_source":"","patiotime_single_custom_site_footer_above":"0","patiotime_single_page_site_footer_hide_instagram":"","patiotime_single_page_site_footer_hide_bottom":"","patiotime_single_custom_mobile_menu_source":"","patiotime_single_custom_mobile_menu":"0","patiotime_single_custom_mobile_menu_animation":"","patiotime_single_custom_mobile_menu_width":"","patiotime_single_custom_mobile_menu_custom_width":375,"footnotes":""},"class_list":["post-351","page","type-page","status-publish","hentry"],"_links":{"self":[{"href":"https:\/\/patiotime.loftocean.com\/demo11\/wp-json\/wp\/v2\/pages\/351","targetHints":{"allow":["GET"]}}],"collection":[{"href":"https:\/\/patiotime.loftocean.com\/demo11\/wp-json\/wp\/v2\/pages"}],"about":[{"href":"https:\/\/patiotime.loftocean.com\/demo11\/wp-json\/wp\/v2\/types\/page"}],"author":[{"embeddable":true,"href":"https:\/\/patiotime.loftocean.com\/demo11\/wp-json\/wp\/v2\/users\/2"}],"replies":[{"embeddable":true,"href":"https:\/\/patiotime.loftocean.com\/demo11\/wp-json\/wp\/v2\/comments?post=351"}],"version-history":[{"count":5,"href":"https:\/\/patiotime.loftocean.com\/demo11\/wp-json\/wp\/v2\/pages\/351\/revisions"}],"predecessor-version":[{"id":968,"href":"https:\/\/patiotime.loftocean.com\/demo11\/wp-json\/wp\/v2\/pages\/351\/revisions\/968"}],"wp:attachment":[{"href":"https:\/\/patiotime.loftocean.com\/demo11\/wp-json\/wp\/v2\/media?parent=351"}],"curies":[{"name":"wp","href":"https:\/\/api.w.org\/{rel}","templated":true}]}}